{"id":83,"date":"2014-11-05T19:03:22","date_gmt":"2014-11-05T18:03:22","guid":{"rendered":"http:\/\/www.pasodo.de\/maler2014\/?page_id=83"},"modified":"2018-12-08T15:22:00","modified_gmt":"2018-12-08T14:22:00","slug":"home","status":"publish","type":"page","link":"https:\/\/www.maler-sondermann.de\/","title":{"rendered":"Home"},"content":{"rendered":"<div id=\"pl-83\"  class=\"panel-layout\" ><div id=\"pg-83-0\"  class=\"panel-grid panel-no-style\" ><div id=\"pgc-83-0-0\"  class=\"panel-grid-cell\" ><div id=\"panel-83-0-0-0\" class=\"so-panel widget widget_circleicon-widget panel-first-child panel-last-child\" data-index=\"0\" >\t\t<div class=\"circle-icon-box circle-icon-position-top circle-icon-hide-box circle-icon-size-small \">\n\t\t\t\t\t\t\t<div class=\"circle-icon-wrapper\">\n\t\t\t\t\t\t\t\t\t\t<a href=\"\/?page_id=27\" class=\"link-icon\" >\t\t\t\t\t<div class=\"circle-icon\" >\n\t\t\t\t\t\t\t\t\t\t\t\t\t<div class=\"fa fa-home\" ><\/div>\n\t\t\t\t\t\t\t\t\t\t\t<\/div> \n\t\t\t\t\t<\/a>\t\t\t\t<\/div>\n\t\t\t\n\t\t\t\t\t\t\t<a href=\"\/?page_id=27\" class=\"link-title\" >\n\t\t\t\t\t\t\t\t\t\t<h4 >\n\t\t\t\t\tInnenarbeiten\t\t\t\t<\/h4>\n\t\t\t\t\t\t\t\t\t\t<\/a>\n\t\t\t\n\t\t\t\t\t\t\t<p class=\"text\" >Kleine Details - Gro\u00dfe Wirkung<\/p>\n\t\t\t\t\t\t\t\t\t\t<a href=\"\/?page_id=27\" class=\"more-button\" >Gestalten Sie Ihr Zuhause <i><\/i><\/a>\n\t\t\t\t\t<\/div>\n\t\t<\/div><\/div><div id=\"pgc-83-0-1\"  class=\"panel-grid-cell\" ><div id=\"panel-83-0-1-0\" class=\"so-panel widget widget_circleicon-widget panel-first-child panel-last-child\" data-index=\"1\" >\t\t<div class=\"circle-icon-box circle-icon-position-top circle-icon-hide-box circle-icon-size-small \">\n\t\t\t\t\t\t\t<div class=\"circle-icon-wrapper\">\n\t\t\t\t\t\t\t\t\t\t<a href=\"\/?page_id=36\" class=\"link-icon\" >\t\t\t\t\t<div class=\"circle-icon\" >\n\t\t\t\t\t\t\t\t\t\t\t\t\t<div class=\"fa fa-building-o\" ><\/div>\n\t\t\t\t\t\t\t\t\t\t\t<\/div> \n\t\t\t\t\t<\/a>\t\t\t\t<\/div>\n\t\t\t\n\t\t\t\t\t\t\t<a href=\"\/?page_id=36\" class=\"link-title\" >\n\t\t\t\t\t\t\t\t\t\t<h4 >\n\t\t\t\t\tFassaden\t\t\t\t<\/h4>\n\t\t\t\t\t\t\t\t\t\t<\/a>\n\t\t\t\n\t\t\t\t\t\t\t<p class=\"text\" >Zur Erhaltung der Bausubstanz<\/p>\n\t\t\t\t\t\t\t\t\t\t<a href=\"\/?page_id=36\" class=\"more-button\" >Fassadenbeschichtungen <i><\/i><\/a>\n\t\t\t\t\t<\/div>\n\t\t<\/div><\/div><div id=\"pgc-83-0-2\"  class=\"panel-grid-cell\" ><div id=\"panel-83-0-2-0\" class=\"so-panel widget widget_circleicon-widget panel-first-child panel-last-child\" data-index=\"2\" >\t\t<div class=\"circle-icon-box circle-icon-position-top circle-icon-hide-box circle-icon-size-small \">\n\t\t\t\t\t\t\t<div class=\"circle-icon-wrapper\">\n\t\t\t\t\t\t\t\t\t\t<a href=\"\/?page_id=38\" class=\"link-icon\" >\t\t\t\t\t<div class=\"circle-icon\" >\n\t\t\t\t\t\t\t\t\t\t\t\t\t<div class=\"fa fa-align-justify\" ><\/div>\n\t\t\t\t\t\t\t\t\t\t\t<\/div> \n\t\t\t\t\t<\/a>\t\t\t\t<\/div>\n\t\t\t\n\t\t\t\t\t\t\t<a href=\"\/?page_id=38\" class=\"link-title\" >\n\t\t\t\t\t\t\t\t\t\t<h4 >\n\t\t\t\t\tBodenbel\u00e4ge\t\t\t\t<\/h4>\n\t\t\t\t\t\t\t\t\t\t<\/a>\n\t\t\t\n\t\t\t\t\t\t\t<p class=\"text\" >Wir liefern und verlegen<\/p>\n\t\t\t\t\t\t\t\t\t\t<a href=\"\/?page_id=38\" class=\"more-button\" >Bodenbel\u00e4ge <i><\/i><\/a>\n\t\t\t\t\t<\/div>\n\t\t<\/div><\/div><div id=\"pgc-83-0-3\"  class=\"panel-grid-cell\" ><div id=\"panel-83-0-3-0\" class=\"so-panel widget widget_circleicon-widget panel-first-child panel-last-child\" data-index=\"3\" >\t\t<div class=\"circle-icon-box circle-icon-position-top circle-icon-hide-box circle-icon-size-small \">\n\t\t\t\t\t\t\t<div class=\"circle-icon-wrapper\">\n\t\t\t\t\t\t\t\t\t\t<a href=\"\/?page_id=29\" class=\"link-icon\" >\t\t\t\t\t<div class=\"circle-icon\" >\n\t\t\t\t\t\t\t\t\t\t\t\t\t<div class=\"fa fa-question\" ><\/div>\n\t\t\t\t\t\t\t\t\t\t\t<\/div> \n\t\t\t\t\t<\/a>\t\t\t\t<\/div>\n\t\t\t\n\t\t\t\t\t\t\t<a href=\"\/?page_id=29\" class=\"link-title\" >\n\t\t\t\t\t\t\t\t\t\t<h4 >\n\t\t\t\t\tImpressum\t\t\t\t<\/h4>\n\t\t\t\t\t\t\t\t\t\t<\/a>\n\t\t\t\n\t\t\t\t\t\t\t<p class=\"text\" >gem\u00e4\u00df \u00a7 5 TMG<\/p>\n\t\t\t\t\t\t\t\t\t\t<a href=\"\/?page_id=29\" class=\"more-button\" >Anzeigen <i><\/i><\/a>\n\t\t\t\t\t<\/div>\n\t\t<\/div><\/div><\/div><div id=\"pg-83-1\"  class=\"panel-grid panel-has-style\" ><div class=\"wide-grey panel-row-style panel-row-style-for-83-1\" ><div id=\"pgc-83-1-0\"  class=\"panel-grid-cell\" ><div id=\"panel-83-1-0-0\" class=\"so-panel widget widget_headline-widget panel-first-child panel-last-child\" data-index=\"4\" >\t\t<h1>Lieber gleich vom Fachmann...<\/h1>\n\t\t<div class=\"decoration\"><div class=\"decoration-inside\"><\/div><\/div>\n\t\t<h3>wenn es gut werden soll<\/h3>\n\t\t<\/div><\/div><\/div><\/div><\/div>","protected":false},"excerpt":{"rendered":"<p>Innenarbeiten Kleine Details &#8211; Gro\u00dfe Wirkung Gestalten Sie Ihr Zuhause Fassaden Zur Erhaltung der Bausubstanz Fassadenbeschichtungen Bodenbel\u00e4ge Wir liefern und verlegen Bodenbel\u00e4ge Impressum gem\u00e4\u00df \u00a7 5 TMG Anzeigen Lieber gleich vom Fachmann&#8230; wenn es gut werden soll<\/p>\n","protected":false},"author":1,"featured_media":0,"parent":0,"menu_order":0,"comment_status":"closed","ping_status":"open","template":"home-panels.php","meta":[],"_links":{"self":[{"href":"https:\/\/www.maler-sondermann.de\/index.php?rest_route=\/wp\/v2\/pages\/83"}],"collection":[{"href":"https:\/\/www.maler-sondermann.de\/index.php?rest_route=\/wp\/v2\/pages"}],"about":[{"href":"https:\/\/www.maler-sondermann.de\/index.php?rest_route=\/wp\/v2\/types\/page"}],"author":[{"embeddable":true,"href":"https:\/\/www.maler-sondermann.de\/index.php?rest_route=\/wp\/v2\/users\/1"}],"replies":[{"embeddable":true,"href":"https:\/\/www.maler-sondermann.de\/index.php?rest_route=%2Fwp%2Fv2%2Fcomments&post=83"}],"version-history":[{"count":3,"href":"https:\/\/www.maler-sondermann.de\/index.php?rest_route=\/wp\/v2\/pages\/83\/revisions"}],"predecessor-version":[{"id":134,"href":"https:\/\/www.maler-sondermann.de\/index.php?rest_route=\/wp\/v2\/pages\/83\/revisions\/134"}],"wp:attachment":[{"href":"https:\/\/www.maler-sondermann.de\/index.php?rest_route=%2Fwp%2Fv2%2Fmedia&parent=83"}],"curies":[{"name":"wp","href":"https:\/\/api.w.org\/{rel}","templated":true}]}}